{"id":55,"date":"2016-10-26T00:01:04","date_gmt":"2016-10-26T00:01:04","guid":{"rendered":"http:\/\/temposradiante.com\/?page_id=55"},"modified":"2016-10-26T00:03:34","modified_gmt":"2016-10-26T00:03:34","slug":"ojornalderecreiominas","status":"publish","type":"page","link":"https:\/\/temposradiante.com\/?page_id=55","title":{"rendered":"oJORNALdeRECREIO,Minas"},"content":{"rendered":"<p>Fazer uma assinatura de O JORNAL DE RECREIO,Minas e Mar de Morros (fanzine)<br \/>\ne SABER MAIS<br \/>\nSOBRE AS EDI\u00c7\u00d5ES IMPRESSAS<br \/>\nE SOBRE AS R\u00c1DIOS WEB Radiante Recreio e Tempos Radiante<br \/>\nclicar em <a href=\"http:\/\/radianterecreio.com\/wp\/?page_id=113\" title=\"OJR,M\" target=\"_blank\">OJR,M<\/a><\/p>\n","protected":false},"excerpt":{"rendered":"<p>Fazer uma assinatura de O JORNAL DE RECREIO,Minas e Mar de Morros (fanzine) e SABER MAIS SOBRE AS EDI\u00c7\u00d5ES IMPRESSAS E SOBRE AS R\u00c1DIOS WEB Radiante Recreio e Tempos Radiante clicar em OJR,M<\/p>\n","protected":false},"author":1,"featured_media":0,"parent":0,"menu_order":0,"comment_status":"closed","ping_status":"open","template":"","meta":{"footnotes":""},"_links":{"self":[{"href":"https:\/\/temposradiante.com\/index.php?rest_route=\/wp\/v2\/pages\/55"}],"collection":[{"href":"https:\/\/temposradiante.com\/index.php?rest_route=\/wp\/v2\/pages"}],"about":[{"href":"https:\/\/temposradiante.com\/index.php?rest_route=\/wp\/v2\/types\/page"}],"author":[{"embeddable":true,"href":"https:\/\/temposradiante.com\/index.php?rest_route=\/wp\/v2\/users\/1"}],"replies":[{"embeddable":true,"href":"https:\/\/temposradiante.com\/index.php?rest_route=%2Fwp%2Fv2%2Fcomments&post=55"}],"version-history":[{"count":3,"href":"https:\/\/temposradiante.com\/index.php?rest_route=\/wp\/v2\/pages\/55\/revisions"}],"predecessor-version":[{"id":58,"href":"https:\/\/temposradiante.com\/index.php?rest_route=\/wp\/v2\/pages\/55\/revisions\/58"}],"wp:attachment":[{"href":"https:\/\/temposradiante.com\/index.php?rest_route=%2Fwp%2Fv2%2Fmedia&parent=55"}],"curies":[{"name":"wp","href":"https:\/\/api.w.org\/{rel}","templated":true}]}}