{"id":133,"date":"2020-04-11T01:34:29","date_gmt":"2020-04-11T01:34:29","guid":{"rendered":"http:\/\/temposradiante.com\/?page_id=133"},"modified":"2020-04-11T01:35:30","modified_gmt":"2020-04-11T01:35:30","slug":"doacoes","status":"publish","type":"page","link":"http:\/\/temposradiante.com\/?page_id=133","title":{"rendered":"Doa\u00e7\u00f5es"},"content":{"rendered":"<h3><strong>Fazer doa\u00e7\u00f5es\u00a0 em tempo de Coronav\u00edrus\u00a0 \u00a0<\/strong><\/h3>\n<p>em\u00a0<a title=\"UNICEF\" href=\"https:\/\/secure.unicef.org.br\/Default.aspx?origem=covid19\" target=\"_blank\">UNICEF<\/a>\u00a0 \u00a0 \u00a0 Mais endere\u00e7os pra doa\u00e7\u00f5es em tempo de Coronav\u00edrus\u00a0<a title=\"GLOBO\" href=\"https:\/\/redeglobo.globo.com\/Responsabilidade-Social\/pra-quem-doar\/\" target=\"_blank\">GLOBO<\/a><\/p>\n","protected":false},"excerpt":{"rendered":"<p>Fazer doa\u00e7\u00f5es\u00a0 em tempo de Coronav\u00edrus\u00a0 \u00a0 em\u00a0UNICEF\u00a0 \u00a0 \u00a0 Mais endere\u00e7os pra doa\u00e7\u00f5es em tempo de Coronav\u00edrus\u00a0GLOBO<\/p>\n","protected":false},"author":1,"featured_media":0,"parent":35,"menu_order":0,"comment_status":"closed","ping_status":"open","template":"","meta":{"footnotes":""},"_links":{"self":[{"href":"http:\/\/temposradiante.com\/index.php?rest_route=\/wp\/v2\/pages\/133"}],"collection":[{"href":"http:\/\/temposradiante.com\/index.php?rest_route=\/wp\/v2\/pages"}],"about":[{"href":"http:\/\/temposradiante.com\/index.php?rest_route=\/wp\/v2\/types\/page"}],"author":[{"embeddable":true,"href":"http:\/\/temposradiante.com\/index.php?rest_route=\/wp\/v2\/users\/1"}],"replies":[{"embeddable":true,"href":"http:\/\/temposradiante.com\/index.php?rest_route=%2Fwp%2Fv2%2Fcomments&post=133"}],"version-history":[{"count":1,"href":"http:\/\/temposradiante.com\/index.php?rest_route=\/wp\/v2\/pages\/133\/revisions"}],"predecessor-version":[{"id":134,"href":"http:\/\/temposradiante.com\/index.php?rest_route=\/wp\/v2\/pages\/133\/revisions\/134"}],"up":[{"embeddable":true,"href":"http:\/\/temposradiante.com\/index.php?rest_route=\/wp\/v2\/pages\/35"}],"wp:attachment":[{"href":"http:\/\/temposradiante.com\/index.php?rest_route=%2Fwp%2Fv2%2Fmedia&parent=133"}],"curies":[{"name":"wp","href":"https:\/\/api.w.org\/{rel}","templated":true}]}}